{"id":5395,"date":"2025-06-24T11:33:16","date_gmt":"2025-06-24T09:33:16","guid":{"rendered":"https:\/\/larmoirerose.fr\/?post_type=product&#038;p=5395"},"modified":"2025-06-30T08:07:33","modified_gmt":"2025-06-30T06:07:33","slug":"cabas-strawberry-thief-double-velours","status":"publish","type":"product","link":"https:\/\/larmoirerose.fr\/index.php\/produit\/cabas-strawberry-thief-double-velours\/","title":{"rendered":"Cabas Strawberry Thief bleu, doubl\u00e9 velours"},"content":{"rendered":"<p>Caract\u00e9ristiques :<\/p>\n<p>\u2022 Tissu ext\u00e9rieur : coton \u00e9pais imprim\u00e9 William Morris<\/p>\n<p>\u2022 Motif : \u201cStrawberry Thief\u201d (style Arts &amp; Crafts)<\/p>\n<p>\u2022 Doublure : velours int\u00e9gral (int\u00e9rieur doux et \u00e9l\u00e9gant)<\/p>\n<p>\u2022 Finitions : aucune couture visible \u2013 travail propre et raffin\u00e9<\/p>\n<p>\u2022 Poche int\u00e9rieure : id\u00e9ale pour cl\u00e9s, t\u00e9l\u00e9phone ou portefeuille<\/p>\n<p>\u2022 Anses longues : pour un port\u00e9 \u00e9paule confortable<\/p>\n<p>\u2022 Soufflet de 10 cm : pour une grande capacit\u00e9<\/p>\n<p>\u2022 Dimensions : 36 x 35 x 10 cm (HxLxP)<\/p>\n<p>\u2022 Fait main avec soin \u2e3b<\/p>\n<p>Id\u00e9al pour : \u2022 Le march\u00e9, les courses, la biblioth\u00e8que, la plage ou une sortie en ville<\/p>\n<p>\u2022 Offrir un cadeau original, unique et utile<\/p>\n<p>\u2022 Sublimer une tenue avec une pi\u00e8ce forte et artistique<\/p>\n","protected":false},"excerpt":{"rendered":"<p>Caract\u00e9ristiques : \u2022 Tissu ext\u00e9rieur : coton \u00e9pais imprim\u00e9 William Morris \u2022 Motif : \u201cStrawberry Thief\u201d (style Arts &amp; Crafts) \u2022 Doublure : velours int\u00e9gral (int\u00e9rieur doux et \u00e9l\u00e9gant) \u2022 Finitions : aucune couture visible \u2013 travail propre et raffin\u00e9 \u2022 Poche int\u00e9rieure : id\u00e9ale pour cl\u00e9s, t\u00e9l\u00e9phone ou portefeuille \u2022 Anses longues : pour [&hellip;]<\/p>\n","protected":false},"featured_media":5403,"comment_status":"open","ping_status":"closed","template":"","meta":[],"product_brand":[],"product_cat":[15],"product_tag":[],"class_list":{"0":"post-5395","1":"product","2":"type-product","3":"status-publish","4":"has-post-thumbnail","6":"product_cat-non-classe","8":"first","9":"instock","10":"shipping-taxable","11":"purchasable","12":"product-type-simple"},"_links":{"self":[{"href":"https:\/\/larmoirerose.fr\/index.php\/wp-json\/wp\/v2\/product\/5395","targetHints":{"allow":["GET"]}}],"collection":[{"href":"https:\/\/larmoirerose.fr\/index.php\/wp-json\/wp\/v2\/product"}],"about":[{"href":"https:\/\/larmoirerose.fr\/index.php\/wp-json\/wp\/v2\/types\/product"}],"replies":[{"embeddable":true,"href":"https:\/\/larmoirerose.fr\/index.php\/wp-json\/wp\/v2\/comments?post=5395"}],"wp:featuredmedia":[{"embeddable":true,"href":"https:\/\/larmoirerose.fr\/index.php\/wp-json\/wp\/v2\/media\/5403"}],"wp:attachment":[{"href":"https:\/\/larmoirerose.fr\/index.php\/wp-json\/wp\/v2\/media?parent=5395"}],"wp:term":[{"taxonomy":"product_brand","embeddable":true,"href":"https:\/\/larmoirerose.fr\/index.php\/wp-json\/wp\/v2\/product_brand?post=5395"},{"taxonomy":"product_cat","embeddable":true,"href":"https:\/\/larmoirerose.fr\/index.php\/wp-json\/wp\/v2\/product_cat?post=5395"},{"taxonomy":"product_tag","embeddable":true,"href":"https:\/\/larmoirerose.fr\/index.php\/wp-json\/wp\/v2\/product_tag?post=5395"}],"curies":[{"name":"wp","href":"https:\/\/api.w.org\/{rel}","templated":true}]}}