{"id":5207,"date":"2025-03-13T10:09:31","date_gmt":"2025-03-13T09:09:31","guid":{"rendered":"https:\/\/larmoirerose.fr\/?post_type=product&#038;p=5207"},"modified":"2025-03-13T11:01:39","modified_gmt":"2025-03-13T10:01:39","slug":"noeud-papillon","status":"publish","type":"product","link":"https:\/\/larmoirerose.fr\/index.php\/produit\/noeud-papillon\/","title":{"rendered":"N\u0153ud papillon liberty"},"content":{"rendered":"<p>noeud 9 cm longueur 28 \u00e0 31 cm ( 12 \u00e0 36 mois) b\u00e9b\u00e9<br \/>\nnoeud 10 cm longueur 31 \u00e0 34 cm (3 \u00e0 7 ans ) enfant<br \/>\nnoeud 10.5 cm longueur 34 \u00e0 40 cm (8 \u00e0 12 ans) ado<br \/>\nnoeud 12 cm longueur 38 \u00e0 42 cm adulte<\/p>\n","protected":false},"excerpt":{"rendered":"<p>noeud 9 cm longueur 28 \u00e0 31 cm ( 12 \u00e0 36 mois) b\u00e9b\u00e9 noeud 10 cm longueur 31 \u00e0 34 cm (3 \u00e0 7 ans ) enfant noeud 10.5 cm longueur 34 \u00e0 40 cm (8 \u00e0 12 ans) ado noeud 12 cm longueur 38 \u00e0 42 cm adulte<\/p>\n","protected":false},"featured_media":5229,"comment_status":"open","ping_status":"closed","template":"","meta":[],"product_brand":[],"product_cat":[151,149],"product_tag":[],"class_list":{"0":"post-5207","1":"product","2":"type-product","3":"status-publish","4":"has-post-thumbnail","6":"product_cat-accessoires","7":"product_cat-liberty","9":"first","10":"instock","11":"shipping-taxable","12":"purchasable","13":"product-type-variable"},"_links":{"self":[{"href":"https:\/\/larmoirerose.fr\/index.php\/wp-json\/wp\/v2\/product\/5207","targetHints":{"allow":["GET"]}}],"collection":[{"href":"https:\/\/larmoirerose.fr\/index.php\/wp-json\/wp\/v2\/product"}],"about":[{"href":"https:\/\/larmoirerose.fr\/index.php\/wp-json\/wp\/v2\/types\/product"}],"replies":[{"embeddable":true,"href":"https:\/\/larmoirerose.fr\/index.php\/wp-json\/wp\/v2\/comments?post=5207"}],"wp:featuredmedia":[{"embeddable":true,"href":"https:\/\/larmoirerose.fr\/index.php\/wp-json\/wp\/v2\/media\/5229"}],"wp:attachment":[{"href":"https:\/\/larmoirerose.fr\/index.php\/wp-json\/wp\/v2\/media?parent=5207"}],"wp:term":[{"taxonomy":"product_brand","embeddable":true,"href":"https:\/\/larmoirerose.fr\/index.php\/wp-json\/wp\/v2\/product_brand?post=5207"},{"taxonomy":"product_cat","embeddable":true,"href":"https:\/\/larmoirerose.fr\/index.php\/wp-json\/wp\/v2\/product_cat?post=5207"},{"taxonomy":"product_tag","embeddable":true,"href":"https:\/\/larmoirerose.fr\/index.php\/wp-json\/wp\/v2\/product_tag?post=5207"}],"curies":[{"name":"wp","href":"https:\/\/api.w.org\/{rel}","templated":true}]}}