{"id":5199,"date":"2025-03-13T10:04:53","date_gmt":"2025-03-13T09:04:53","guid":{"rendered":"https:\/\/larmoirerose.fr\/?post_type=product&#038;p=5199"},"modified":"2025-03-13T10:52:57","modified_gmt":"2025-03-13T09:52:57","slug":"sac-a-main-liberty","status":"publish","type":"product","link":"https:\/\/larmoirerose.fr\/index.php\/produit\/sac-a-main-liberty\/","title":{"rendered":"Sac \u00e0 main Liberty"},"content":{"rendered":"<p>Sac \u00e0 mains enti\u00e8rement matelass\u00e9 \u00e0 la mains par mes soins<br \/>\nce ferme gr\u00e2ce a un pression aimant\u00e9.<br \/>\nDoublure a l&rsquo;int\u00e9rieur avec un tissu unie assortie au liberty choisi<br \/>\n15\/18 cm environ.<\/p>\n","protected":false},"excerpt":{"rendered":"<p>Sac \u00e0 mains enti\u00e8rement matelass\u00e9 \u00e0 la mains par mes soins ce ferme gr\u00e2ce a un pression aimant\u00e9. Doublure a l&rsquo;int\u00e9rieur avec un tissu unie assortie au liberty choisi 15\/18 cm environ.<\/p>\n","protected":false},"featured_media":0,"comment_status":"open","ping_status":"closed","template":"","meta":[],"product_brand":[],"product_cat":[151,149],"product_tag":[],"class_list":{"0":"post-5199","1":"product","2":"type-product","3":"status-publish","5":"product_cat-accessoires","6":"product_cat-liberty","8":"first","9":"instock","10":"shipping-taxable","11":"purchasable","12":"product-type-variable"},"_links":{"self":[{"href":"https:\/\/larmoirerose.fr\/index.php\/wp-json\/wp\/v2\/product\/5199","targetHints":{"allow":["GET"]}}],"collection":[{"href":"https:\/\/larmoirerose.fr\/index.php\/wp-json\/wp\/v2\/product"}],"about":[{"href":"https:\/\/larmoirerose.fr\/index.php\/wp-json\/wp\/v2\/types\/product"}],"replies":[{"embeddable":true,"href":"https:\/\/larmoirerose.fr\/index.php\/wp-json\/wp\/v2\/comments?post=5199"}],"wp:attachment":[{"href":"https:\/\/larmoirerose.fr\/index.php\/wp-json\/wp\/v2\/media?parent=5199"}],"wp:term":[{"taxonomy":"product_brand","embeddable":true,"href":"https:\/\/larmoirerose.fr\/index.php\/wp-json\/wp\/v2\/product_brand?post=5199"},{"taxonomy":"product_cat","embeddable":true,"href":"https:\/\/larmoirerose.fr\/index.php\/wp-json\/wp\/v2\/product_cat?post=5199"},{"taxonomy":"product_tag","embeddable":true,"href":"https:\/\/larmoirerose.fr\/index.php\/wp-json\/wp\/v2\/product_tag?post=5199"}],"curies":[{"name":"wp","href":"https:\/\/api.w.org\/{rel}","templated":true}]}}