{"id":5171,"date":"2025-03-13T11:09:12","date_gmt":"2025-03-13T10:09:12","guid":{"rendered":"https:\/\/larmoirerose.fr\/?post_type=product&#038;p=5171"},"modified":"2025-03-13T11:10:22","modified_gmt":"2025-03-13T10:10:22","slug":"barrette-noeud-xl","status":"publish","type":"product","link":"https:\/\/larmoirerose.fr\/index.php\/produit\/barrette-noeud-xl\/","title":{"rendered":"Barrette n\u0153ud XL"},"content":{"rendered":"<p>Ce joli noeud en liberty mesure 10 CM \/6 CM<br \/>\nCompos\u00e9 de 2 n\u0153uds l&rsquo;un sur l&rsquo;autre.<br \/>\ncoll\u00e9 et cousue sur une barrette croco a dents.<\/p>\n","protected":false},"excerpt":{"rendered":"<p>Ce joli noeud en liberty mesure 10 CM \/6 CM Compos\u00e9 de 2 n\u0153uds l&rsquo;un sur l&rsquo;autre. coll\u00e9 et cousue sur une barrette croco a dents.<\/p>\n","protected":false},"featured_media":5236,"comment_status":"open","ping_status":"closed","template":"","meta":[],"product_brand":[],"product_cat":[151,149],"product_tag":[],"class_list":{"0":"post-5171","1":"product","2":"type-product","3":"status-publish","4":"has-post-thumbnail","6":"product_cat-accessoires","7":"product_cat-liberty","9":"first","10":"instock","11":"shipping-taxable","12":"purchasable","13":"product-type-variable"},"_links":{"self":[{"href":"https:\/\/larmoirerose.fr\/index.php\/wp-json\/wp\/v2\/product\/5171","targetHints":{"allow":["GET"]}}],"collection":[{"href":"https:\/\/larmoirerose.fr\/index.php\/wp-json\/wp\/v2\/product"}],"about":[{"href":"https:\/\/larmoirerose.fr\/index.php\/wp-json\/wp\/v2\/types\/product"}],"replies":[{"embeddable":true,"href":"https:\/\/larmoirerose.fr\/index.php\/wp-json\/wp\/v2\/comments?post=5171"}],"wp:featuredmedia":[{"embeddable":true,"href":"https:\/\/larmoirerose.fr\/index.php\/wp-json\/wp\/v2\/media\/5236"}],"wp:attachment":[{"href":"https:\/\/larmoirerose.fr\/index.php\/wp-json\/wp\/v2\/media?parent=5171"}],"wp:term":[{"taxonomy":"product_brand","embeddable":true,"href":"https:\/\/larmoirerose.fr\/index.php\/wp-json\/wp\/v2\/product_brand?post=5171"},{"taxonomy":"product_cat","embeddable":true,"href":"https:\/\/larmoirerose.fr\/index.php\/wp-json\/wp\/v2\/product_cat?post=5171"},{"taxonomy":"product_tag","embeddable":true,"href":"https:\/\/larmoirerose.fr\/index.php\/wp-json\/wp\/v2\/product_tag?post=5171"}],"curies":[{"name":"wp","href":"https:\/\/api.w.org\/{rel}","templated":true}]}}