{"id":4529,"date":"2025-02-24T09:35:04","date_gmt":"2025-02-24T08:35:04","guid":{"rendered":"https:\/\/larmoirerose.fr\/?post_type=product&#038;p=4529"},"modified":"2025-02-24T20:48:42","modified_gmt":"2025-02-24T19:48:42","slug":"robe-chantilly-dos-u-en-liberty","status":"publish","type":"product","link":"https:\/\/larmoirerose.fr\/index.php\/produit\/robe-chantilly-dos-u-en-liberty\/","title":{"rendered":"Robe Chantilly dos U en Liberty"},"content":{"rendered":"<p>Robe en v\u00e9ritable tissu \u00ab\u00a0Liberty of London\u00a0\u00bb<\/p>\n<p>Pour les tissus \u00e0 fond clair ou pour plus de volume choisir l&rsquo;option doublure.<\/p>\n<p>Pr\u00e9ciser le liberty que vous souhaitez pour la confection de votre robe. Se r\u00e9f\u00e9rer uniquement \u00e0 la tissuth\u00e8que. Une 100 -aine de liberty y sont propos\u00e9s.<\/p>\n<p>Vous pouvez \u00e9galement fournir votre propre tissu. Pour cela, pr\u00e9cisez \u00ab\u00a0tissu fourni\u00a0\u00bb dans le champs \u00ab\u00a0choix du tissu\u00a0\u00bb. Je prendrais contact avec vous pour vous indiquez la quantit\u00e9 n\u00e9cessaire.<\/p>\n<p>Cette robe est compatible avec les options \u00ab\u00a0Jupon XXL et \u00ab\u00a0Ceinture\u00a0\u00bb que vous pourrez trouver sur la boutique. Il vous suffit d&rsquo;ajouter l&rsquo;option en pr\u00e9cisant la robe concern\u00e9e.<\/p>\n<p>Un guide des tailles est \u00e0 votre disposition sur le site. Les v\u00eatements \u00e9tant r\u00e9alis\u00e9s \u00e0 la main, les mesures affich\u00e9es sont indicatives et peuvent l\u00e9g\u00e8rement diff\u00e9rer sur le produit final.<\/p>\n<p>Conseils d&rsquo;entretien :<br \/>\nlavable en machine \u00e0 30\u00b0<br \/>\nrepasser sur l&rsquo;envers de pr\u00e9f\u00e9rence<\/p>\n<p>D\u00e9lais actuels indiqu\u00e9s sur la page d&rsquo;accueil.<\/p>\n","protected":false},"excerpt":{"rendered":"<p>Robe en v\u00e9ritable tissu \u00ab\u00a0Liberty of London\u00a0\u00bb Pour les tissus \u00e0 fond clair ou pour plus de volume choisir l&rsquo;option doublure. Pr\u00e9ciser le liberty que vous souhaitez pour la confection de votre robe. Se r\u00e9f\u00e9rer uniquement \u00e0 la tissuth\u00e8que. Une 100 -aine de liberty y sont propos\u00e9s. Vous pouvez \u00e9galement fournir votre propre tissu. Pour [&hellip;]<\/p>\n","protected":false},"featured_media":4613,"comment_status":"open","ping_status":"closed","template":"","meta":[],"product_brand":[],"product_cat":[149,18,150],"product_tag":[],"class_list":{"0":"post-4529","1":"product","2":"type-product","3":"status-publish","4":"has-post-thumbnail","6":"product_cat-liberty","7":"product_cat-robes","8":"product_cat-vetements","10":"first","11":"instock","12":"featured","13":"shipping-taxable","14":"purchasable","15":"product-type-variable"},"_links":{"self":[{"href":"https:\/\/larmoirerose.fr\/index.php\/wp-json\/wp\/v2\/product\/4529","targetHints":{"allow":["GET"]}}],"collection":[{"href":"https:\/\/larmoirerose.fr\/index.php\/wp-json\/wp\/v2\/product"}],"about":[{"href":"https:\/\/larmoirerose.fr\/index.php\/wp-json\/wp\/v2\/types\/product"}],"replies":[{"embeddable":true,"href":"https:\/\/larmoirerose.fr\/index.php\/wp-json\/wp\/v2\/comments?post=4529"}],"wp:featuredmedia":[{"embeddable":true,"href":"https:\/\/larmoirerose.fr\/index.php\/wp-json\/wp\/v2\/media\/4613"}],"wp:attachment":[{"href":"https:\/\/larmoirerose.fr\/index.php\/wp-json\/wp\/v2\/media?parent=4529"}],"wp:term":[{"taxonomy":"product_brand","embeddable":true,"href":"https:\/\/larmoirerose.fr\/index.php\/wp-json\/wp\/v2\/product_brand?post=4529"},{"taxonomy":"product_cat","embeddable":true,"href":"https:\/\/larmoirerose.fr\/index.php\/wp-json\/wp\/v2\/product_cat?post=4529"},{"taxonomy":"product_tag","embeddable":true,"href":"https:\/\/larmoirerose.fr\/index.php\/wp-json\/wp\/v2\/product_tag?post=4529"}],"curies":[{"name":"wp","href":"https:\/\/api.w.org\/{rel}","templated":true}]}}