{"id":2480,"date":"2025-02-21T09:30:38","date_gmt":"2025-02-21T08:30:38","guid":{"rendered":"https:\/\/larmoirerose.fr\/?post_type=product&#038;p=2480"},"modified":"2025-02-23T20:09:36","modified_gmt":"2025-02-23T19:09:36","slug":"banane-liberty","status":"publish","type":"product","link":"https:\/\/larmoirerose.fr\/index.php\/produit\/banane-liberty\/","title":{"rendered":"Sac Banane en Liberty"},"content":{"rendered":"<p>Jolie banane en tissu Liberty of London enti\u00e8rement matelass\u00e9e.<br \/>\nElle est doubl\u00e9e \u00e0 l&rsquo;int\u00e9rieur en velours milleraies beige<\/p>\n<p>Pour choisir l&rsquo;\u00e9tiquette, rendez-vous sur l&rsquo;option \u00ab\u00a0Etiquette\u00a0\u00bb dans la boutique et ajoutez celle souhait\u00e9e au panier.<\/p>\n<p>&nbsp;<\/p>\n<p>Taille S<\/p>\n<p>&nbsp;<\/p>\n<p>Taille M<\/p>\n<p>&nbsp;<\/p>\n<p>Taille L environ 34cm de large x 17\/18cm de haut<br \/>\nSangle r\u00e9glable : minimum environ 60 \/ 100<\/p>\n<p>D\u00e9lais actuels indiqu\u00e9s sur la page d&rsquo;accueil.<\/p>\n","protected":false},"excerpt":{"rendered":"<p>Liberty liberty of london<\/p>\n","protected":false},"featured_media":4466,"comment_status":"closed","ping_status":"closed","template":"","meta":[],"product_brand":[],"product_cat":[151,149],"product_tag":[],"class_list":{"0":"post-2480","1":"product","2":"type-product","3":"status-publish","4":"has-post-thumbnail","6":"product_cat-accessoires","7":"product_cat-liberty","9":"first","10":"instock","11":"shipping-taxable","12":"purchasable","13":"product-type-variable"},"_links":{"self":[{"href":"https:\/\/larmoirerose.fr\/index.php\/wp-json\/wp\/v2\/product\/2480","targetHints":{"allow":["GET"]}}],"collection":[{"href":"https:\/\/larmoirerose.fr\/index.php\/wp-json\/wp\/v2\/product"}],"about":[{"href":"https:\/\/larmoirerose.fr\/index.php\/wp-json\/wp\/v2\/types\/product"}],"replies":[{"embeddable":true,"href":"https:\/\/larmoirerose.fr\/index.php\/wp-json\/wp\/v2\/comments?post=2480"}],"wp:featuredmedia":[{"embeddable":true,"href":"https:\/\/larmoirerose.fr\/index.php\/wp-json\/wp\/v2\/media\/4466"}],"wp:attachment":[{"href":"https:\/\/larmoirerose.fr\/index.php\/wp-json\/wp\/v2\/media?parent=2480"}],"wp:term":[{"taxonomy":"product_brand","embeddable":true,"href":"https:\/\/larmoirerose.fr\/index.php\/wp-json\/wp\/v2\/product_brand?post=2480"},{"taxonomy":"product_cat","embeddable":true,"href":"https:\/\/larmoirerose.fr\/index.php\/wp-json\/wp\/v2\/product_cat?post=2480"},{"taxonomy":"product_tag","embeddable":true,"href":"https:\/\/larmoirerose.fr\/index.php\/wp-json\/wp\/v2\/product_tag?post=2480"}],"curies":[{"name":"wp","href":"https:\/\/api.w.org\/{rel}","templated":true}]}}