{"id":2245,"date":"2025-02-18T19:06:14","date_gmt":"2025-02-18T18:06:14","guid":{"rendered":"https:\/\/larmoirerose.fr\/?post_type=product&#038;p=2245"},"modified":"2025-02-23T20:11:22","modified_gmt":"2025-02-23T19:11:22","slug":"pantalon-en-liberty","status":"publish","type":"product","link":"https:\/\/larmoirerose.fr\/index.php\/produit\/pantalon-en-liberty\/","title":{"rendered":"Pantalon en Liberty"},"content":{"rendered":"<p>Pantalon en v\u00e9ritable tissu \u00ab\u00a0Liberty of London\u00a0\u00bb<br \/>\nTaille enti\u00e8rement \u00e9lastiqu\u00e9e avec un \u00e9lastique bien souple qui convient \u00e0 toutes les morphologies.<\/p>\n<p>Existe avec ou sans ceinture \u00e0 nouer.<\/p>\n<p>Pr\u00e9ciser le liberty que vous souhaitez pour la confection de votre pantalon. Se r\u00e9f\u00e9rer uniquement \u00e0 la tissuth\u00e8que. Une 100 -aine de liberty y sont propos\u00e9s.<\/p>\n<p>Vous pouvez \u00e9galement fournir votre propre tissu. Pour cela, pr\u00e9cisez \u00ab\u00a0tissu fourni\u00a0\u00bb dans le champs \u00ab\u00a0choix du tissu\u00a0\u00bb. Je prendrais contact avec vous pour vous indiquez la quantit\u00e9 n\u00e9cessaire.<\/p>\n<p>Conseils d&rsquo;entretien :<br \/>\nlavable en machine \u00e0 30\u00b0<br \/>\nrepasser sur l&rsquo;envers de pr\u00e9f\u00e9rence<\/p>\n<p>D\u00e9lais actuels indiqu\u00e9s sur la page d&rsquo;accueil.<\/p>\n","protected":false},"excerpt":{"rendered":"<p>Liberty liberty of london<\/p>\n","protected":false},"featured_media":2546,"comment_status":"closed","ping_status":"closed","template":"","meta":[],"product_brand":[],"product_cat":[149,148,150],"product_tag":[],"class_list":{"0":"post-2245","1":"product","2":"type-product","3":"status-publish","4":"has-post-thumbnail","6":"product_cat-liberty","7":"product_cat-pantalons","8":"product_cat-vetements","10":"first","11":"instock","12":"featured","13":"shipping-taxable","14":"purchasable","15":"product-type-variable"},"_links":{"self":[{"href":"https:\/\/larmoirerose.fr\/index.php\/wp-json\/wp\/v2\/product\/2245","targetHints":{"allow":["GET"]}}],"collection":[{"href":"https:\/\/larmoirerose.fr\/index.php\/wp-json\/wp\/v2\/product"}],"about":[{"href":"https:\/\/larmoirerose.fr\/index.php\/wp-json\/wp\/v2\/types\/product"}],"replies":[{"embeddable":true,"href":"https:\/\/larmoirerose.fr\/index.php\/wp-json\/wp\/v2\/comments?post=2245"}],"wp:featuredmedia":[{"embeddable":true,"href":"https:\/\/larmoirerose.fr\/index.php\/wp-json\/wp\/v2\/media\/2546"}],"wp:attachment":[{"href":"https:\/\/larmoirerose.fr\/index.php\/wp-json\/wp\/v2\/media?parent=2245"}],"wp:term":[{"taxonomy":"product_brand","embeddable":true,"href":"https:\/\/larmoirerose.fr\/index.php\/wp-json\/wp\/v2\/product_brand?post=2245"},{"taxonomy":"product_cat","embeddable":true,"href":"https:\/\/larmoirerose.fr\/index.php\/wp-json\/wp\/v2\/product_cat?post=2245"},{"taxonomy":"product_tag","embeddable":true,"href":"https:\/\/larmoirerose.fr\/index.php\/wp-json\/wp\/v2\/product_tag?post=2245"}],"curies":[{"name":"wp","href":"https:\/\/api.w.org\/{rel}","templated":true}]}}